{"id":4163,"date":"2023-06-05T19:45:07","date_gmt":"2023-06-05T19:45:07","guid":{"rendered":"https:\/\/digitalmarketinglanzarote.com\/a-propos-du-maica"},"modified":"2023-06-22T11:36:03","modified_gmt":"2023-06-22T11:36:03","slug":"a-propos-du-maica","status":"publish","type":"page","link":"https:\/\/digitalmarketinglanzarote.com\/fr\/a-propos-du-maica","title":{"rendered":"A PROPOS DE MAICA"},"content":{"rendered":"<p>[et_pb_section fb_built=\u00a0\u00bb1&Prime; custom_padding_last_edited=\u00a0\u00bbon|phone\u00a0\u00bb _builder_version=\u00a0\u00bb4.21.0&Prime; _module_preset=\u00a0\u00bbdefault\u00a0\u00bb background_color=\u00a0\u00bb#258B97&Prime; background_image=\u00a0\u00bbhttps:\/\/digitalmarketinglanzarote.com\/wp-content\/uploads\/2023\/06\/2.jpg\u00a0\u00bb custom_padding=\u00a0\u00bb200px||248px||false|false\u00a0\u00bb custom_padding_tablet=\u00a0\u00bb200px||97px||false|false\u00a0\u00bb custom_padding_phone=\u00a0\u00bb92px||10px||false|false\u00a0\u00bb locked=\u00a0\u00bboff\u00a0\u00bb global_colors_info=\u00a0\u00bb{}\u00a0\u00bb][et_pb_row column_structure=\u00a0\u00bb2_3,1_3&Prime; _builder_version=\u00a0\u00bb4.21.0&Prime; _module_preset=\u00a0\u00bbdefault\u00a0\u00bb custom_padding=\u00a0\u00bb161px|||||\u00a0\u00bb global_colors_info=\u00a0\u00bb{}\u00a0\u00bb][et_pb_column type=\u00a0\u00bb2_3&Prime; _builder_version=\u00a0\u00bb4.21.0&Prime; _module_preset=\u00a0\u00bbdefault\u00a0\u00bb global_colors_info=\u00a0\u00bb{}\u00a0\u00bb][et_pb_text _builder_version=\u00a0\u00bb4.21.0&Prime; _module_preset=\u00a0\u00bbdefault\u00a0\u00bb header_font=\u00a0\u00bb|300|||||||\u00a0\u00bb header_text_align=\u00a0\u00bbleft\u00a0\u00bb header_text_color=\u00a0\u00bb#FFFFFF\u00a0\u00bb header_font_size=\u00a0\u00bb60px\u00a0\u00bb custom_margin=\u00a0\u00bb||-1px|||\u00a0\u00bb header_font_size_tablet=\u00a0\u00bb40px\u00a0\u00bb header_font_size_phone=\u00a0\u00bb30px\u00a0\u00bb header_font_size_last_edited=\u00a0\u00bbon|phone\u00a0\u00bb global_colors_info=\u00a0\u00bb{}\u00a0\u00bb]<\/p>\n<h1 class=\"vc_custom_heading\"><span>MAICA<br \/>\n BARROS MART\u00cdNEZ<\/span><\/h1>\n<p>[\/et_pb_text][\/et_pb_column][et_pb_column type=\u00a0\u00bb1_3&Prime; _builder_version=\u00a0\u00bb4.21.0&Prime; _module_preset=\u00a0\u00bbdefault\u00a0\u00bb global_colors_info=\u00a0\u00bb{}\u00a0\u00bb][\/et_pb_column][\/et_pb_row][et_pb_row admin_label=\u00a0\u00bbic\u00f4ne whatsapp\u00a0\u00bb _builder_version=\u00a0\u00bb4.21.0&Prime; _module_preset=\u00a0\u00bbdefault\u00a0\u00bb background_enable_color=\u00a0\u00bboff\u00a0\u00bb positioning=\u00a0\u00bbfixed\u00a0\u00bb position_origin_f=\u00a0\u00bbcenter_right\u00a0\u00bb horizontal_offset=\u00a0\u00bb3px\u00a0\u00bb z_index=\u00a0\u00bb64&Prime; width=\u00a0\u00bb80px\u00a0\u00bb global_colors_info=\u00a0\u00bb{}\u00a0\u00bb theme_builder_area=\u00a0\u00bbpost_content\u00a0\u00bb][et_pb_column type=\u00a0\u00bb4_4&Prime; _builder_version=\u00a0\u00bb4.21.0&Prime; _module_preset=\u00a0\u00bbdefault\u00a0\u00bb global_colors_info=\u00a0\u00bb{}\u00a0\u00bb theme_builder_area=\u00a0\u00bbpost_content\u00a0\u00bb][et_pb_code _builder_version=\u00a0\u00bb4.21.0&Prime; _module_preset=\u00a0\u00bbdefault\u00a0\u00bb link_option_url=\u00a0\u00bbhttps:\/\/wa.link\/spiimm\u00a0\u00bb global_colors_info=\u00a0\u00bb{}\u00a0\u00bb theme_builder_area=\u00a0\u00bbpost_content\u00a0\u00bb]<script src=\"https:\/\/unpkg.com\/@lottiefiles\/lottie-player@latest\/dist\/lottie-player.js\"><\/script><!-- [et_pb_line_break_holder] --><lottie-player src=\"https:\/\/assets9.lottiefiles.com\/private_files\/lf30_jtcwd1c6.json\" background=\"transparent\" speed=\"0.3\" style=\"width: 80px; height: 80px;\" loop=\"\" autoplay=\"\"><\/lottie-player>[\/et_pb_code][\/et_pb_column][\/et_pb_row][\/et_pb_section][et_pb_section fb_built=\u00a0\u00bb1&Prime; _builder_version=\u00a0\u00bb4.21.0&Prime; _module_preset=\u00a0\u00bbdefault\u00a0\u00bb background_enable_color=\u00a0\u00bboff\u00a0\u00bb background_image=\u00a0\u00bbhttps:\/\/digitalmarketinglanzarote.com\/wp-content\/uploads\/2023\/05\/ELEMENTOS-DML-28.png\u00a0\u00bb locked=\u00a0\u00bboff\u00a0\u00bb global_colors_info=\u00a0\u00bb{}\u00a0\u00bb][et_pb_row _builder_version=\u00a0\u00bb4.21.0&Prime; _module_preset=\u00a0\u00bbdefault\u00a0\u00bb max_width=\u00a0\u00bb100%\u00a0\u00bb global_colors_info=\u00a0\u00bb{}\u00a0\u00bb][et_pb_column type=\u00a0\u00bb4_4&Prime; _builder_version=\u00a0\u00bb4.21.0&Prime; _module_preset=\u00a0\u00bbdefault\u00a0\u00bb global_colors_info=\u00a0\u00bb{}\u00a0\u00bb][et_pb_text _builder_version=\u00a0\u00bb4.21.0&Prime; _module_preset=\u00a0\u00bbdefault\u00a0\u00bb header_font=\u00a0\u00bb|800|||||||\u00a0\u00bb header_text_align=\u00a0\u00bbcenter\u00a0\u00bb header_text_color=\u00a0\u00bb#1DB5B5&Prime; header_font_size=\u00a0\u00bb50px\u00a0\u00bb header_font_size_tablet=\u00a0\u00bb40px\u00a0\u00bb header_font_size_phone=\u00a0\u00bb25px\u00a0\u00bb header_font_size_last_edited=\u00a0\u00bbon|phone\u00a0\u00bb global_colors_info=\u00a0\u00bb{}\u00a0\u00bb]<\/p>\n<h1 class=\"vc_custom_heading\"><span>COPYWRITING &amp; COMMUNITY MANAGEMENT : LE POUVOIR DES MOTS APPLIQU\u00c9 AU MARKETING<\/p>\n<p><\/span><\/h1>\n<p>[\/et_pb_text][et_pb_image src=\u00a0\u00bbhttps:\/\/digitalmarketinglanzarote.com\/wp-content\/uploads\/2023\/05\/ELEMENTOS-DML-36.png\u00a0\u00bb alt=\u00a0\u00bbgladys becerra torlay digital marketing lanzarote\u00a0\u00bb title_text=\u00a0\u00bb\u00c9L\u00c9MENTS DML-36&Prime; align=\u00a0\u00bbcenter\u00a0\u00bb disabled_on=\u00a0\u00bboff|off|on\u00a0\u00bb _builder_version=\u00a0\u00bb4.21.0&Prime; _module_preset=\u00a0\u00bbdefault\u00a0\u00bb global_colors_info=\u00a0\u00bb{}\u00a0\u00bb][\/et_pb_image][\/et_pb_column][\/et_pb_row][et_pb_row column_structure=\u00a0\u00bb2_5,3_5&Prime; make_equal=\u00a0\u00bbon\u00a0\u00bb _builder_version=\u00a0\u00bb4.21.0&Prime; _module_preset=\u00a0\u00bbdefault\u00a0\u00bb global_colors_info=\u00a0\u00bb{}\u00a0\u00bb][et_pb_column type=\u00a0\u00bb2_5&Prime; module_class=\u00a0\u00bbds-vertical-align\u00a0\u00bb _builder_version=\u00a0\u00bb4.21.0&Prime; _module_preset=\u00a0\u00bbdefault\u00a0\u00bb background_image=\u00a0\u00bbhttps:\/\/digitalmarketinglanzarote.com\/wp-content\/uploads\/2023\/06\/2-1.jpg\u00a0\u00bb background_last_edited=\u00a0\u00bbon|phone\u00a0\u00bb background_enable_image_tablet=\u00a0\u00bboff\u00a0\u00bb global_colors_info=\u00a0\u00bb{}\u00a0\u00bb][\/et_pb_column][et_pb_column type=\u00a0\u00bb3_5&Prime; module_class=\u00a0\u00bbds-vertical-align\u00a0\u00bb _builder_version=\u00a0\u00bb4.21.0&Prime; _module_preset=\u00a0\u00bbdefault\u00a0\u00bb global_colors_info=\u00a0\u00bb{}\u00a0\u00bb][et_pb_text _builder_version=\u00a0\u00bb4.21.0&Prime; _module_preset=\u00a0\u00bbdefault\u00a0\u00bb text_font=\u00a0\u00bbgotham light||||||||\u00a0\u00bb text_text_color=\u00a0\u00bb#454445&Prime; text_font_size=\u00a0\u00bb16px\u00a0\u00bb link_text_color=\u00a0\u00bb#454445&Prime; text_font_size_tablet=\u00a0\u00bb16px\u00a0\u00bb text_font_size_phone=\u00a0\u00bb14px\u00a0\u00bb text_font_size_last_edited=\u00a0\u00bbon|phone\u00a0\u00bb global_colors_info=\u00a0\u00bb{}\u00a0\u00bb]<\/p>\n<p><span>\u00c0 l&rsquo;\u00e2ge de 2 ans, j&rsquo;ai impressionn\u00e9 ma famille en leur lisant un livre sur Tic et Tac, ces sympathiques \u00e9cureuils. En vrai il y avait un truc : je l&rsquo;avais appris par c\u0153ur \u00e0 force de demander qu&rsquo;on me le lise.<\/span><br \/><span>Ce n&rsquo;\u00e9tait que le premier des centaines de livres qui m&rsquo;ont accompagn\u00e9 tout au long de ma vie. Je me suis rapidement passionn\u00e9e pour la lecture et l&rsquo;\u00e9criture.<\/span><br \/><span>D\u00e8s l&rsquo;\u00e2ge de 9 ans, je savais que je voulais \u00e9crire, mais en raison de par ma nature active (j&rsquo;ai de nombreuses passions), il m&rsquo;a fallu un peu plus de temps que pr\u00e9vu pour m&rsquo;y consacrer.<\/span><\/p>\n<p>[\/et_pb_text][et_pb_blurb title=\u00a0\u00bbMES PREMIERS PAS\u00a0\u00bb content_max_width=\u00a0\u00bb100%\u00a0\u00bb _builder_version=\u00a0\u00bb4.21.0&Prime; _module_preset=\u00a0\u00bbdefault\u00a0\u00bb header_font=\u00a0\u00bb|800|||||||\u00a0\u00bb header_text_color=\u00a0\u00bb#1DB5B5&Prime; header_font_size=\u00a0\u00bb22px\u00a0\u00bb body_text_color=\u00a0\u00bb#454445&Prime; body_font_size=\u00a0\u00bb20px\u00a0\u00bb body_line_height=\u00a0\u00bb2em\u00a0\u00bb hover_enabled=\u00a0\u00bb0&Prime; header_font_size_tablet=\u00a0\u00bb22px\u00a0\u00bb header_font_size_phone=\u00a0\u00bb20px\u00a0\u00bb header_font_size_last_edited=\u00a0\u00bbon|phone\u00a0\u00bb body_font_size_tablet=\u00a0\u00bb20px\u00a0\u00bb body_font_size_phone=\u00a0\u00bb16px\u00a0\u00bb body_font_size_last_edited=\u00a0\u00bbon|phone\u00a0\u00bb global_colors_info=\u00a0\u00bb{}\u00a0\u00bb animation_style=\u00a0\u00bbbounce\u00a0\u00bb sticky_enabled=\u00a0\u00bb0&Prime;][\/et_pb_blurb][et_pb_divider color=\u00a0\u00bb#1DB5B5&Prime; divider_weight=\u00a0\u00bb3px\u00a0\u00bb _builder_version=\u00a0\u00bb4.21.0&Prime; _module_preset=\u00a0\u00bbdefault\u00a0\u00bb width=\u00a0\u00bb15%\u00a0\u00bb custom_margin=\u00a0\u00bb||3px||false|false\u00a0\u00bb custom_padding=\u00a0\u00bb||0px||false|false\u00a0\u00bb locked=\u00a0\u00bboff\u00a0\u00bb global_colors_info=\u00a0\u00bb{}\u00a0\u00bb][\/et_pb_divider][et_pb_text _builder_version=\u00a0\u00bb4.21.0&Prime; _module_preset=\u00a0\u00bbdefault\u00a0\u00bb text_font=\u00a0\u00bbgotham light||||||||\u00a0\u00bb text_text_color=\u00a0\u00bb#454445&Prime; text_font_size=\u00a0\u00bb16px\u00a0\u00bb link_text_color=\u00a0\u00bb#454445&Prime; text_font_size_tablet=\u00a0\u00bb16px\u00a0\u00bb text_font_size_phone=\u00a0\u00bb14px\u00a0\u00bb text_font_size_last_edited=\u00a0\u00bbon|phone\u00a0\u00bb locked=\u00a0\u00bboff\u00a0\u00bb global_colors_info=\u00a0\u00bb{}\u00a0\u00bb]<\/p>\n<p>Par un concours de circonstances, j&rsquo;ai commenc\u00e9 \u00e0 combiner travail et \u00e9tudes \u00e0 l&rsquo;\u00e2ge de 17 ans.<\/p>\n<p>J&rsquo;ai d\u00e9couvert le monde de l&rsquo;h\u00f4tellerie et ai \u00e9t\u00e9 s\u00e9duite par une profession qui vous pousse \u00e0 atteindre l&rsquo;excellence dans le service \u00e0 la client\u00e8le.<\/p>\n<p>J&rsquo;ai \u00e9t\u00e9 surprise par le nombre de comp\u00e9tences que l&rsquo;on peut d\u00e9velopper dans ce monde : la psychologie, l&#8217;empathie, le respect, la gestion des \u00e9motions et le marketing exp\u00e9rientiel, entre autres.<\/p>\n<p>[\/et_pb_text][et_pb_blurb title=\u00a0\u00bbFORMATION INTERNATIONALE\u00a0\u00bb content_max_width=\u00a0\u00bb100%\u00a0\u00bb _builder_version=\u00a0\u00bb4.21.0&Prime; _module_preset=\u00a0\u00bbdefault\u00a0\u00bb header_font=\u00a0\u00bb|800|||||||\u00a0\u00bb header_text_color=\u00a0\u00bb#1DB5B5&Prime; header_font_size=\u00a0\u00bb22px\u00a0\u00bb body_text_color=\u00a0\u00bb#454445&Prime; body_font_size=\u00a0\u00bb20px\u00a0\u00bb body_line_height=\u00a0\u00bb2em\u00a0\u00bb header_font_size_tablet=\u00a0\u00bb22px\u00a0\u00bb header_font_size_phone=\u00a0\u00bb20px\u00a0\u00bb header_font_size_last_edited=\u00a0\u00bbon|phone\u00a0\u00bb body_font_size_tablet=\u00a0\u00bb20px\u00a0\u00bb body_font_size_phone=\u00a0\u00bb16px\u00a0\u00bb body_font_size_last_edited=\u00a0\u00bbon|phone\u00a0\u00bb locked=\u00a0\u00bboff\u00a0\u00bb global_colors_info=\u00a0\u00bb{}\u00a0\u00bb animation_style=\u00a0\u00bbbounce\u00a0\u00bb][\/et_pb_blurb][et_pb_divider color=\u00a0\u00bb#1DB5B5&Prime; divider_weight=\u00a0\u00bb3px\u00a0\u00bb _builder_version=\u00a0\u00bb4.21.0&Prime; _module_preset=\u00a0\u00bbdefault\u00a0\u00bb width=\u00a0\u00bb15%\u00a0\u00bb custom_margin=\u00a0\u00bb||3px||false|false\u00a0\u00bb custom_padding=\u00a0\u00bb||0px||false|false\u00a0\u00bb locked=\u00a0\u00bboff\u00a0\u00bb global_colors_info=\u00a0\u00bb{}\u00a0\u00bb][\/et_pb_divider][et_pb_text _builder_version=\u00a0\u00bb4.21.0&Prime; _module_preset=\u00a0\u00bbdefault\u00a0\u00bb text_font=\u00a0\u00bbgotham light||||||||\u00a0\u00bb text_text_color=\u00a0\u00bb#454445&Prime; text_font_size=\u00a0\u00bb16px\u00a0\u00bb link_text_color=\u00a0\u00bb#454445&Prime; text_font_size_tablet=\u00a0\u00bb16px\u00a0\u00bb text_font_size_phone=\u00a0\u00bb14px\u00a0\u00bb text_font_size_last_edited=\u00a0\u00bbon|phone\u00a0\u00bb locked=\u00a0\u00bboff\u00a0\u00bb global_colors_info=\u00a0\u00bb{}\u00a0\u00bb]<\/p>\n<p>Apr\u00e8s avoir termin\u00e9 mes<span> <\/span><strong>\u00e9tudes en Commerce International,<\/strong><span> <\/span>j&rsquo;ai d\u00e9cid\u00e9 qu&rsquo;il \u00e9tait temps d&rsquo;apprendre \u00e0 communiquer davantage et mieux ; \u00e0 22 ans, j&rsquo;ai donc d\u00e9m\u00e9nag\u00e9 \u00e0 <span> <\/span><strong>Londres<\/strong>.<\/p>\n<p>J&rsquo;y ai pass\u00e9 4 ans de ma vie \u00e0<span> <\/span><strong>\u00e0 perfectionner mon anglais<\/strong><span> <\/span>tout en travaillant \u00e0<span> <\/span> Nandos <a href=\"https:\/\/www.nandos.co.uk\/\">UK<\/a>, en charge de la formation op\u00e9rationnelle des nouveaux employ\u00e9s.<\/p>\n<p>Je me suis vite lass\u00e9e du froid et j&rsquo;ai d\u00e9cid\u00e9 que ma prochaine destination serait un endroit paradisiaque.<\/p>\n<p>[\/et_pb_text][et_pb_blurb title=\u00a0\u00bbRETOUR AUX ORIGINES\u00a0\u00bb content_max_width=\u00a0\u00bb100%\u00a0\u00bb _builder_version=\u00a0\u00bb4.21.0&Prime; _module_preset=\u00a0\u00bbdefault\u00a0\u00bb header_font=\u00a0\u00bb|800|||||||\u00a0\u00bb header_text_color=\u00a0\u00bb#1DB5B5&Prime; header_font_size=\u00a0\u00bb22px\u00a0\u00bb body_text_color=\u00a0\u00bb#454445&Prime; body_font_size=\u00a0\u00bb20px\u00a0\u00bb body_line_height=\u00a0\u00bb2em\u00a0\u00bb header_font_size_tablet=\u00a0\u00bb22px\u00a0\u00bb header_font_size_phone=\u00a0\u00bb20px\u00a0\u00bb header_font_size_last_edited=\u00a0\u00bbon|phone\u00a0\u00bb body_font_size_tablet=\u00a0\u00bb20px\u00a0\u00bb body_font_size_phone=\u00a0\u00bb16px\u00a0\u00bb body_font_size_last_edited=\u00a0\u00bbon|phone\u00a0\u00bb locked=\u00a0\u00bboff\u00a0\u00bb global_colors_info=\u00a0\u00bb{}\u00a0\u00bb animation_style=\u00a0\u00bbbounce\u00a0\u00bb][\/et_pb_blurb][et_pb_divider color=\u00a0\u00bb#1DB5B5&Prime; divider_weight=\u00a0\u00bb3px\u00a0\u00bb _builder_version=\u00a0\u00bb4.21.0&Prime; _module_preset=\u00a0\u00bbdefault\u00a0\u00bb width=\u00a0\u00bb15%\u00a0\u00bb custom_margin=\u00a0\u00bb||3px||false|false\u00a0\u00bb custom_padding=\u00a0\u00bb||0px||false|false\u00a0\u00bb locked=\u00a0\u00bboff\u00a0\u00bb global_colors_info=\u00a0\u00bb{}\u00a0\u00bb][\/et_pb_divider][et_pb_text _builder_version=\u00a0\u00bb4.21.0&Prime; _module_preset=\u00a0\u00bbdefault\u00a0\u00bb text_font=\u00a0\u00bbgotham light||||||||\u00a0\u00bb text_text_color=\u00a0\u00bb#454445&Prime; text_font_size=\u00a0\u00bb16px\u00a0\u00bb link_text_color=\u00a0\u00bb#454445&Prime; text_font_size_tablet=\u00a0\u00bb16px\u00a0\u00bb text_font_size_phone=\u00a0\u00bb14px\u00a0\u00bb text_font_size_last_edited=\u00a0\u00bbon|phone\u00a0\u00bb locked=\u00a0\u00bboff\u00a0\u00bb global_colors_info=\u00a0\u00bb{}\u00a0\u00bb]<\/p>\n<p><strong>Lanzarote<\/strong><span> <\/span>a frapp\u00e9 \u00e0 ma porte et je l&rsquo;ai ouverte sans h\u00e9siter.<\/p>\n<p>Ce changement s&rsquo;est accompagn\u00e9 de nouveaux objectifs professionnels. J&rsquo;ai d\u00e9cid\u00e9 qu&rsquo;il \u00e9tait temps de r\u00e9aliser mon r\u00eave d&rsquo;enfant : vivre de l&rsquo;\u00e9criture.<\/p>\n<p>Ainsi, apr\u00e8s une formation en fran\u00e7ais,<span> <\/span><strong> en Marketing Digital<\/strong><span> <\/span>avec<span> <\/span><a href=\"http:\/\/www.juanmerodio.com\/\">Juan Merodio<\/a><span> <\/span>et<span> <\/span><strong>Copywriting<\/strong><span> <\/span>avec<span> <\/span><a href=\"http:\/\/www.maidertomasena.com\/\">Ma\u00efder Tomasena<\/a>, j&rsquo;ai rejoint l&rsquo;\u00e9quipe de DML, d&rsquo;abord en tant que Community Manager puis dans le domaine de la strat\u00e9gie digitale, des r\u00e9seaux sociaux \u00e0 la mise en place de campagnes sur Google et Meta.<\/p>\n<p>Je peux \u00e9crire<span> <\/span><strong>un contenu vendeur pour connecter avec vos clients potentiels en anglais, espagnol et fran\u00e7ais<\/strong>. Pas mal, n&rsquo;est-ce pas ?<\/p>\n<p>[\/et_pb_text][\/et_pb_column][\/et_pb_row][\/et_pb_section]<\/p>\n","protected":false},"excerpt":{"rendered":"<p>MAICA BARROS MART\u00cdNEZCOPYWRITING &amp; COMMUNITY MANAGEMENT : LE POUVOIR DES MOTS APPLIQU\u00c9 AU MARKETING \u00c0 l&rsquo;\u00e2ge de 2 ans, j&rsquo;ai impressionn\u00e9 ma famille en leur lisant un livre sur Tic et Tac, ces sympathiques \u00e9cureuils. En vrai il y avait un truc : je l&rsquo;avais appris par c\u0153ur \u00e0 force de demander qu&rsquo;on me le [&hellip;]<\/p>\n","protected":false},"author":2,"featured_media":0,"parent":0,"menu_order":0,"comment_status":"closed","ping_status":"closed","template":"","meta":{"_et_pb_use_builder":"on","_et_pb_old_content":"","_et_gb_content_width":"","footnotes":""},"class_list":["post-4163","page","type-page","status-publish","hentry"],"yoast_head":"<!-- This site is optimized with the Yoast SEO plugin v27.5 - https:\/\/yoast.com\/product\/yoast-seo-wordpress\/ -->\n<title>Maica Barros Mart\u00ednez - Strat\u00e9gie digitale \u00e0 Lanzarote<\/title>\n<meta name=\"description\" content=\"Le pouvoir des mots appliqu\u00e9 au marketing : Maica peut g\u00e9rer vos r\u00e9seaux sociaux, vos campagnes en ligne et r\u00e9diger des textes qui VENDENT.\" \/>\n<meta name=\"robots\" content=\"index, follow, max-snippet:-1, max-image-preview:large, max-video-preview:-1\" \/>\n<link rel=\"canonical\" href=\"https:\/\/digitalmarketinglanzarote.com\/fr\/a-propos-du-maica\" \/>\n<meta property=\"og:locale\" content=\"fr_FR\" \/>\n<meta property=\"og:type\" content=\"article\" \/>\n<meta property=\"og:title\" content=\"Maica Barros Mart\u00ednez - Strat\u00e9gie digitale \u00e0 Lanzarote\" \/>\n<meta property=\"og:description\" content=\"Le pouvoir des mots appliqu\u00e9 au marketing : Maica peut g\u00e9rer vos r\u00e9seaux sociaux, vos campagnes en ligne et r\u00e9diger des textes qui VENDENT.\" \/>\n<meta property=\"og:url\" content=\"https:\/\/digitalmarketinglanzarote.com\/fr\/a-propos-du-maica\" \/>\n<meta property=\"og:site_name\" content=\"DIGITAL MARKETING LANZAROTE\" \/>\n<meta property=\"article:modified_time\" content=\"2023-06-22T11:36:03+00:00\" \/>\n<meta name=\"twitter:card\" content=\"summary_large_image\" \/>\n<meta name=\"twitter:label1\" content=\"Dur\u00e9e de lecture estim\u00e9e\" \/>\n\t<meta name=\"twitter:data1\" content=\"7 minutes\" \/>\n<script type=\"application\/ld+json\" class=\"yoast-schema-graph\">{\"@context\":\"https:\\\/\\\/schema.org\",\"@graph\":[{\"@type\":\"WebPage\",\"@id\":\"https:\\\/\\\/digitalmarketinglanzarote.com\\\/fr\\\/a-propos-du-maica\",\"url\":\"https:\\\/\\\/digitalmarketinglanzarote.com\\\/fr\\\/a-propos-du-maica\",\"name\":\"Maica Barros Mart\u00ednez - Strat\u00e9gie digitale \u00e0 Lanzarote\",\"isPartOf\":{\"@id\":\"https:\\\/\\\/digitalmarketinglanzarote.com\\\/fr#website\"},\"datePublished\":\"2023-06-05T19:45:07+00:00\",\"dateModified\":\"2023-06-22T11:36:03+00:00\",\"description\":\"Le pouvoir des mots appliqu\u00e9 au marketing : Maica peut g\u00e9rer vos r\u00e9seaux sociaux, vos campagnes en ligne et r\u00e9diger des textes qui VENDENT.\",\"inLanguage\":\"fr-FR\",\"potentialAction\":[{\"@type\":\"ReadAction\",\"target\":[\"https:\\\/\\\/digitalmarketinglanzarote.com\\\/fr\\\/a-propos-du-maica\"]}]},{\"@type\":\"WebSite\",\"@id\":\"https:\\\/\\\/digitalmarketinglanzarote.com\\\/fr#website\",\"url\":\"https:\\\/\\\/digitalmarketinglanzarote.com\\\/fr\",\"name\":\"DIGITAL MARKETING LANZAROTE\",\"description\":\"Agencia de marketing digital en Lanzarote, Islas Canarias\",\"potentialAction\":[{\"@type\":\"SearchAction\",\"target\":{\"@type\":\"EntryPoint\",\"urlTemplate\":\"https:\\\/\\\/digitalmarketinglanzarote.com\\\/fr?s={search_term_string}\"},\"query-input\":{\"@type\":\"PropertyValueSpecification\",\"valueRequired\":true,\"valueName\":\"search_term_string\"}}],\"inLanguage\":\"fr-FR\"}]}<\/script>\n<!-- \/ Yoast SEO plugin. -->","yoast_head_json":{"title":"Maica Barros Mart\u00ednez - Strat\u00e9gie digitale \u00e0 Lanzarote","description":"Le pouvoir des mots appliqu\u00e9 au marketing : Maica peut g\u00e9rer vos r\u00e9seaux sociaux, vos campagnes en ligne et r\u00e9diger des textes qui VENDENT.","robots":{"index":"index","follow":"follow","max-snippet":"max-snippet:-1","max-image-preview":"max-image-preview:large","max-video-preview":"max-video-preview:-1"},"canonical":"https:\/\/digitalmarketinglanzarote.com\/fr\/a-propos-du-maica","og_locale":"fr_FR","og_type":"article","og_title":"Maica Barros Mart\u00ednez - Strat\u00e9gie digitale \u00e0 Lanzarote","og_description":"Le pouvoir des mots appliqu\u00e9 au marketing : Maica peut g\u00e9rer vos r\u00e9seaux sociaux, vos campagnes en ligne et r\u00e9diger des textes qui VENDENT.","og_url":"https:\/\/digitalmarketinglanzarote.com\/fr\/a-propos-du-maica","og_site_name":"DIGITAL MARKETING LANZAROTE","article_modified_time":"2023-06-22T11:36:03+00:00","twitter_card":"summary_large_image","twitter_misc":{"Dur\u00e9e de lecture estim\u00e9e":"7 minutes"},"schema":{"@context":"https:\/\/schema.org","@graph":[{"@type":"WebPage","@id":"https:\/\/digitalmarketinglanzarote.com\/fr\/a-propos-du-maica","url":"https:\/\/digitalmarketinglanzarote.com\/fr\/a-propos-du-maica","name":"Maica Barros Mart\u00ednez - Strat\u00e9gie digitale \u00e0 Lanzarote","isPartOf":{"@id":"https:\/\/digitalmarketinglanzarote.com\/fr#website"},"datePublished":"2023-06-05T19:45:07+00:00","dateModified":"2023-06-22T11:36:03+00:00","description":"Le pouvoir des mots appliqu\u00e9 au marketing : Maica peut g\u00e9rer vos r\u00e9seaux sociaux, vos campagnes en ligne et r\u00e9diger des textes qui VENDENT.","inLanguage":"fr-FR","potentialAction":[{"@type":"ReadAction","target":["https:\/\/digitalmarketinglanzarote.com\/fr\/a-propos-du-maica"]}]},{"@type":"WebSite","@id":"https:\/\/digitalmarketinglanzarote.com\/fr#website","url":"https:\/\/digitalmarketinglanzarote.com\/fr","name":"DIGITAL MARKETING LANZAROTE","description":"Agencia de marketing digital en Lanzarote, Islas Canarias","potentialAction":[{"@type":"SearchAction","target":{"@type":"EntryPoint","urlTemplate":"https:\/\/digitalmarketinglanzarote.com\/fr?s={search_term_string}"},"query-input":{"@type":"PropertyValueSpecification","valueRequired":true,"valueName":"search_term_string"}}],"inLanguage":"fr-FR"}]}},"_links":{"self":[{"href":"https:\/\/digitalmarketinglanzarote.com\/fr\/wp-json\/wp\/v2\/pages\/4163","targetHints":{"allow":["GET"]}}],"collection":[{"href":"https:\/\/digitalmarketinglanzarote.com\/fr\/wp-json\/wp\/v2\/pages"}],"about":[{"href":"https:\/\/digitalmarketinglanzarote.com\/fr\/wp-json\/wp\/v2\/types\/page"}],"author":[{"embeddable":true,"href":"https:\/\/digitalmarketinglanzarote.com\/fr\/wp-json\/wp\/v2\/users\/2"}],"replies":[{"embeddable":true,"href":"https:\/\/digitalmarketinglanzarote.com\/fr\/wp-json\/wp\/v2\/comments?post=4163"}],"version-history":[{"count":7,"href":"https:\/\/digitalmarketinglanzarote.com\/fr\/wp-json\/wp\/v2\/pages\/4163\/revisions"}],"predecessor-version":[{"id":4325,"href":"https:\/\/digitalmarketinglanzarote.com\/fr\/wp-json\/wp\/v2\/pages\/4163\/revisions\/4325"}],"wp:attachment":[{"href":"https:\/\/digitalmarketinglanzarote.com\/fr\/wp-json\/wp\/v2\/media?parent=4163"}],"curies":[{"name":"wp","href":"https:\/\/api.w.org\/{rel}","templated":true}]}}