{"id":4178,"date":"2023-06-02T14:00:07","date_gmt":"2023-06-02T14:00:07","guid":{"rendered":"https:\/\/digitalmarketinglanzarote.com\/a-propos-de-gladys"},"modified":"2025-01-21T20:50:55","modified_gmt":"2025-01-21T20:50:55","slug":"a-propos-de-gladys","status":"publish","type":"page","link":"https:\/\/digitalmarketinglanzarote.com\/fr\/a-propos-de-gladys","title":{"rendered":"A PROPOS DE GLADYS"},"content":{"rendered":"<p>[et_pb_section fb_built=\u00a0\u00bb1&Prime; custom_padding_last_edited=\u00a0\u00bbon|phone\u00a0\u00bb _builder_version=\u00a0\u00bb4.21.0&Prime; _module_preset=\u00a0\u00bbdefault\u00a0\u00bb background_color=\u00a0\u00bb#258B97&Prime; background_image=\u00a0\u00bbhttps:\/\/digitalmarketinglanzarote.com\/wp-content\/uploads\/2023\/06\/Diseno-sin-titulo-2023-06-02T150800.233.jpg\u00a0\u00bb custom_padding=\u00a0\u00bb200px||248px||false|false\u00a0\u00bb custom_padding_tablet=\u00a0\u00bb200px||97px||false|false\u00a0\u00bb custom_padding_phone=\u00a0\u00bb92px||10px||false|false\u00a0\u00bb locked=\u00a0\u00bboff\u00a0\u00bb global_colors_info=\u00a0\u00bb{}\u00a0\u00bb][et_pb_row column_structure=\u00a0\u00bb2_3,1_3&Prime; _builder_version=\u00a0\u00bb4.21.0&Prime; _module_preset=\u00a0\u00bbdefault\u00a0\u00bb custom_padding=\u00a0\u00bb161px|||||\u00a0\u00bb global_colors_info=\u00a0\u00bb{}\u00a0\u00bb][et_pb_column type=\u00a0\u00bb2_3&Prime; _builder_version=\u00a0\u00bb4.21.0&Prime; _module_preset=\u00a0\u00bbdefault\u00a0\u00bb global_colors_info=\u00a0\u00bb{}\u00a0\u00bb][et_pb_text _builder_version=\u00a0\u00bb4.21.0&Prime; _module_preset=\u00a0\u00bbdefault\u00a0\u00bb header_font=\u00a0\u00bb|300|||||||\u00a0\u00bb header_text_align=\u00a0\u00bbleft\u00a0\u00bb header_text_color=\u00a0\u00bb#FFFFFF\u00a0\u00bb header_font_size=\u00a0\u00bb60px\u00a0\u00bb custom_margin=\u00a0\u00bb||-1px|||\u00a0\u00bb header_font_size_tablet=\u00a0\u00bb40px\u00a0\u00bb header_font_size_phone=\u00a0\u00bb30px\u00a0\u00bb header_font_size_last_edited=\u00a0\u00bbon|phone\u00a0\u00bb global_colors_info=\u00a0\u00bb{}\u00a0\u00bb]<\/p>\n<h1 class=\"vc_custom_heading\"><span><strong>GLADYS <\/strong><\/span><\/h1>\n<h1 class=\"vc_custom_heading\"><span><strong>BECERRA TORLAY<\/strong><\/span><\/h1>\n<p>[\/et_pb_text][\/et_pb_column][et_pb_column type=\u00a0\u00bb1_3&Prime; _builder_version=\u00a0\u00bb4.21.0&Prime; _module_preset=\u00a0\u00bbdefault\u00a0\u00bb global_colors_info=\u00a0\u00bb{}\u00a0\u00bb][\/et_pb_column][\/et_pb_row][et_pb_row admin_label=\u00a0\u00bbic\u00f4ne whatsapp\u00a0\u00bb _builder_version=\u00a0\u00bb4.21.0&Prime; _module_preset=\u00a0\u00bbdefault\u00a0\u00bb background_enable_color=\u00a0\u00bboff\u00a0\u00bb positioning=\u00a0\u00bbfixed\u00a0\u00bb position_origin_f=\u00a0\u00bbcenter_right\u00a0\u00bb horizontal_offset=\u00a0\u00bb3px\u00a0\u00bb z_index=\u00a0\u00bb64&Prime; width=\u00a0\u00bb80px\u00a0\u00bb global_colors_info=\u00a0\u00bb{}\u00a0\u00bb][et_pb_column type=\u00a0\u00bb4_4&Prime; _builder_version=\u00a0\u00bb4.21.0&Prime; _module_preset=\u00a0\u00bbdefault\u00a0\u00bb global_colors_info=\u00a0\u00bb{}\u00a0\u00bb][et_pb_code _builder_version=\u00a0\u00bb4.26.1&Prime; _module_preset=\u00a0\u00bbdefault\u00a0\u00bb link_option_url=\u00a0\u00bbhttps:\/\/wa.link\/631oqd\u00a0\u00bb hover_enabled=\u00a0\u00bb0&Prime; global_colors_info=\u00a0\u00bb{}\u00a0\u00bb sticky_enabled=\u00a0\u00bb0&Prime;]<script src=\"https:\/\/unpkg.com\/@lottiefiles\/lottie-player@latest\/dist\/lottie-player.js\"><\/script><!-- [et_pb_line_break_holder] --><lottie-player src=\"https:\/\/assets9.lottiefiles.com\/private_files\/lf30_jtcwd1c6.json\" background=\"transparent\" speed=\"0.3\" style=\"width: 80px; height: 80px;\" loop=\"\" autoplay=\"\"><\/lottie-player>[\/et_pb_code][\/et_pb_column][\/et_pb_row][\/et_pb_section][et_pb_section fb_built=\u00a0\u00bb1&Prime; _builder_version=\u00a0\u00bb4.21.0&Prime; _module_preset=\u00a0\u00bbdefault\u00a0\u00bb background_enable_color=\u00a0\u00bboff\u00a0\u00bb background_image=\u00a0\u00bbhttps:\/\/digitalmarketinglanzarote.com\/wp-content\/uploads\/2023\/05\/ELEMENTOS-DML-28.png\u00a0\u00bb locked=\u00a0\u00bboff\u00a0\u00bb global_colors_info=\u00a0\u00bb{}\u00a0\u00bb][et_pb_row _builder_version=\u00a0\u00bb4.21.0&Prime; _module_preset=\u00a0\u00bbdefault\u00a0\u00bb max_width=\u00a0\u00bb100%\u00a0\u00bb global_colors_info=\u00a0\u00bb{}\u00a0\u00bb][et_pb_column type=\u00a0\u00bb4_4&Prime; _builder_version=\u00a0\u00bb4.21.0&Prime; _module_preset=\u00a0\u00bbdefault\u00a0\u00bb global_colors_info=\u00a0\u00bb{}\u00a0\u00bb][et_pb_text _builder_version=\u00a0\u00bb4.21.0&Prime; _module_preset=\u00a0\u00bbdefault\u00a0\u00bb header_font=\u00a0\u00bb|800|||||||\u00a0\u00bb header_text_align=\u00a0\u00bbcenter\u00a0\u00bb header_text_color=\u00a0\u00bb#1DB5B5&Prime; header_font_size=\u00a0\u00bb50px\u00a0\u00bb header_font_size_tablet=\u00a0\u00bb40px\u00a0\u00bb header_font_size_phone=\u00a0\u00bb25px\u00a0\u00bb header_font_size_last_edited=\u00a0\u00bbon|phone\u00a0\u00bb global_colors_info=\u00a0\u00bb{}\u00a0\u00bb]<\/p>\n<h1 class=\"vc_custom_heading\"><span>COMMERCE INTERNATIONAL ET MARKETING : LA COMBINAISON ID\u00c9ALE POUR TRANSFORMER LES ID\u00c9ES EN VENTES<\/span><\/h1>\n<p>[\/et_pb_text][et_pb_image src=\u00a0\u00bbhttps:\/\/digitalmarketinglanzarote.com\/wp-content\/uploads\/2023\/05\/ELEMENTOS-DML-34.png\u00a0\u00bb alt=\u00a0\u00bbgladys becerra torlay digital marketing lanzarote\u00a0\u00bb align=\u00a0\u00bbcenter\u00a0\u00bb disabled_on=\u00a0\u00bboff|off|on\u00a0\u00bb _builder_version=\u00a0\u00bb4.21.0&Prime; _module_preset=\u00a0\u00bbdefault\u00a0\u00bb global_colors_info=\u00a0\u00bb{}\u00a0\u00bb][\/et_pb_image][\/et_pb_column][\/et_pb_row][et_pb_row column_structure=\u00a0\u00bb2_5,3_5&Prime; make_equal=\u00a0\u00bbon\u00a0\u00bb _builder_version=\u00a0\u00bb4.21.0&Prime; _module_preset=\u00a0\u00bbdefault\u00a0\u00bb global_colors_info=\u00a0\u00bb{}\u00a0\u00bb][et_pb_column type=\u00a0\u00bb2_5&Prime; module_class=\u00a0\u00bbds-vertical-align\u00a0\u00bb _builder_version=\u00a0\u00bb4.21.0&Prime; _module_preset=\u00a0\u00bbdefault\u00a0\u00bb background_image=\u00a0\u00bbhttps:\/\/digitalmarketinglanzarote.com\/wp-content\/uploads\/2023\/06\/Diseno-sin-titulo-2023-06-02T152546.207.jpg\u00a0\u00bb background_last_edited=\u00a0\u00bbon|phone\u00a0\u00bb background_enable_image_tablet=\u00a0\u00bboff\u00a0\u00bb global_colors_info=\u00a0\u00bb{}\u00a0\u00bb][\/et_pb_column][et_pb_column type=\u00a0\u00bb3_5&Prime; module_class=\u00a0\u00bbds-vertical-align\u00a0\u00bb _builder_version=\u00a0\u00bb4.21.0&Prime; _module_preset=\u00a0\u00bbdefault\u00a0\u00bb global_colors_info=\u00a0\u00bb{}\u00a0\u00bb][et_pb_blurb title=\u00a0\u00bb16&Prime; content_max_width=\u00a0\u00bb100%\u00a0\u00bb _builder_version=\u00a0\u00bb4.21.0&Prime; _module_preset=\u00a0\u00bbdefault\u00a0\u00bb header_font=\u00a0\u00bb|800|||||||\u00a0\u00bb header_text_color=\u00a0\u00bb#1DB5B5&Prime; header_font_size=\u00a0\u00bb22px\u00a0\u00bb body_text_color=\u00a0\u00bb#454445&Prime; body_font_size=\u00a0\u00bb20px\u00a0\u00bb body_line_height=\u00a0\u00bb2em\u00a0\u00bb animation_style=\u00a0\u00bbbounce\u00a0\u00bb header_font_size_tablet=\u00a0\u00bb22px\u00a0\u00bb header_font_size_phone=\u00a0\u00bb20px\u00a0\u00bb header_font_size_last_edited=\u00a0\u00bbon|phone\u00a0\u00bb body_font_size_tablet=\u00a0\u00bb20px\u00a0\u00bb body_font_size_phone=\u00a0\u00bb16px\u00a0\u00bb body_font_size_last_edited=\u00a0\u00bbon|phone\u00a0\u00bb global_colors_info=\u00a0\u00bb{}\u00a0\u00bb][\/et_pb_blurb][et_pb_divider color=\u00a0\u00bb#1DB5B5&Prime; divider_weight=\u00a0\u00bb3px\u00a0\u00bb _builder_version=\u00a0\u00bb4.21.0&Prime; _module_preset=\u00a0\u00bbdefault\u00a0\u00bb width=\u00a0\u00bb15%\u00a0\u00bb custom_margin=\u00a0\u00bb||3px||false|false\u00a0\u00bb custom_padding=\u00a0\u00bb||0px||false|false\u00a0\u00bb global_colors_info=\u00a0\u00bb{}\u00a0\u00bb][\/et_pb_divider][et_pb_text _builder_version=\u00a0\u00bb4.21.0&Prime; _module_preset=\u00a0\u00bbdefault\u00a0\u00bb text_font=\u00a0\u00bbgotham light||||||||\u00a0\u00bb text_text_color=\u00a0\u00bb#454445&Prime; text_font_size=\u00a0\u00bb16px\u00a0\u00bb link_text_color=\u00a0\u00bb#454445&Prime; text_font_size_tablet=\u00a0\u00bb16px\u00a0\u00bb text_font_size_phone=\u00a0\u00bb14px\u00a0\u00bb text_font_size_last_edited=\u00a0\u00bbon|phone\u00a0\u00bb global_colors_info=\u00a0\u00bb{}\u00a0\u00bb]<\/p>\n<p><span>C&rsquo;est le nombre d&rsquo;ann\u00e9es que je travaille dans le commerce international et le marketing.<\/span><\/p>\n<p>[\/et_pb_text][et_pb_blurb title=\u00a0\u00bbDE L&#039;AUTOMOBILE AUX SERVICES\u00a0\u00bb content_max_width=\u00a0\u00bb100%\u00a0\u00bb _builder_version=\u00a0\u00bb4.21.0&Prime; _module_preset=\u00a0\u00bbdefault\u00a0\u00bb header_font=\u00a0\u00bb|800|||||||\u00a0\u00bb header_text_color=\u00a0\u00bb#1DB5B5&Prime; header_font_size=\u00a0\u00bb22px\u00a0\u00bb body_text_color=\u00a0\u00bb#454445&Prime; body_font_size=\u00a0\u00bb20px\u00a0\u00bb body_line_height=\u00a0\u00bb2em\u00a0\u00bb animation_style=\u00a0\u00bbbounce\u00a0\u00bb header_font_size_tablet=\u00a0\u00bb22px\u00a0\u00bb header_font_size_phone=\u00a0\u00bb20px\u00a0\u00bb header_font_size_last_edited=\u00a0\u00bbon|phone\u00a0\u00bb body_font_size_tablet=\u00a0\u00bb20px\u00a0\u00bb body_font_size_phone=\u00a0\u00bb16px\u00a0\u00bb body_font_size_last_edited=\u00a0\u00bbon|phone\u00a0\u00bb global_colors_info=\u00a0\u00bb{}\u00a0\u00bb][\/et_pb_blurb][et_pb_divider color=\u00a0\u00bb#1DB5B5&Prime; divider_weight=\u00a0\u00bb3px\u00a0\u00bb _builder_version=\u00a0\u00bb4.21.0&Prime; _module_preset=\u00a0\u00bbdefault\u00a0\u00bb width=\u00a0\u00bb15%\u00a0\u00bb custom_margin=\u00a0\u00bb||3px||false|false\u00a0\u00bb custom_padding=\u00a0\u00bb||0px||false|false\u00a0\u00bb locked=\u00a0\u00bboff\u00a0\u00bb global_colors_info=\u00a0\u00bb{}\u00a0\u00bb][\/et_pb_divider][et_pb_text _builder_version=\u00a0\u00bb4.21.0&Prime; _module_preset=\u00a0\u00bbdefault\u00a0\u00bb text_font=\u00a0\u00bbgotham light||||||||\u00a0\u00bb text_text_color=\u00a0\u00bb#454445&Prime; text_font_size=\u00a0\u00bb16px\u00a0\u00bb link_text_color=\u00a0\u00bb#454445&Prime; text_font_size_tablet=\u00a0\u00bb16px\u00a0\u00bb text_font_size_phone=\u00a0\u00bb14px\u00a0\u00bb text_font_size_last_edited=\u00a0\u00bbon|phone\u00a0\u00bb locked=\u00a0\u00bboff\u00a0\u00bb global_colors_info=\u00a0\u00bb{}\u00a0\u00bb]<\/p>\n<p><span>J&rsquo;ai commenc\u00e9 ma carri\u00e8re professionnelle dans le secteur automobile, en tant que responsable des exportations pour l&rsquo;entreprise <\/span><strong><u><a href=\"http:\/\/www.tecnomatrix.com\/es\/\">Tecnomatrix,<\/a><\/u><\/strong><span> qui se consacre \u00e0 la conception et \u00e0 la fabrication d&rsquo;outillage de contr\u00f4le de la qualit\u00e9. Apr\u00e8s avoir d\u00e9velopp\u00e9 pendant des ann\u00e9es le portefeuille de ventes internationales de cette entreprise, j&rsquo;ai pris en charge la gestion des ventes et du marketing. L&rsquo;\u00e9tape suivante dans ce m\u00eame secteur, cette fois chez <\/span><strong><u><a href=\"https:\/\/pont-aurell.com\/\">Pont Aurell<\/a><\/u><\/strong><span>une entreprise qui se consacre \u00e0 la production de non-tiss\u00e9s pour l&rsquo;int\u00e9rieur des voitures, m&rsquo;a permis de m&rsquo;affirmer dans un profil international et commercial. Un changement dans ma vie personnelle m&rsquo;a amen\u00e9 \u00e0 r\u00e9orienter ma carri\u00e8re vers un nouveau domaine : le tourisme et, plus largement, les services ax\u00e9s sur un public B2C.<\/span><\/p>\n<p>[\/et_pb_text][et_pb_blurb title=\u00a0\u00bbVERS LE MARKETING DIGITAL\u00a0\u00bb content_max_width=\u00a0\u00bb100%\u00a0\u00bb _builder_version=\u00a0\u00bb4.21.0&Prime; _module_preset=\u00a0\u00bbdefault\u00a0\u00bb header_font=\u00a0\u00bb|800|||||||\u00a0\u00bb header_text_color=\u00a0\u00bb#1DB5B5&Prime; header_font_size=\u00a0\u00bb22px\u00a0\u00bb body_text_color=\u00a0\u00bb#454445&Prime; body_font_size=\u00a0\u00bb20px\u00a0\u00bb body_line_height=\u00a0\u00bb2em\u00a0\u00bb animation_style=\u00a0\u00bbbounce\u00a0\u00bb header_font_size_tablet=\u00a0\u00bb22px\u00a0\u00bb header_font_size_phone=\u00a0\u00bb20px\u00a0\u00bb header_font_size_last_edited=\u00a0\u00bbon|phone\u00a0\u00bb body_font_size_tablet=\u00a0\u00bb20px\u00a0\u00bb body_font_size_phone=\u00a0\u00bb16px\u00a0\u00bb body_font_size_last_edited=\u00a0\u00bbon|phone\u00a0\u00bb locked=\u00a0\u00bboff\u00a0\u00bb global_colors_info=\u00a0\u00bb{}\u00a0\u00bb][\/et_pb_blurb][et_pb_divider color=\u00a0\u00bb#1DB5B5&Prime; divider_weight=\u00a0\u00bb3px\u00a0\u00bb _builder_version=\u00a0\u00bb4.21.0&Prime; _module_preset=\u00a0\u00bbdefault\u00a0\u00bb width=\u00a0\u00bb15%\u00a0\u00bb custom_margin=\u00a0\u00bb||3px||false|false\u00a0\u00bb custom_padding=\u00a0\u00bb||0px||false|false\u00a0\u00bb locked=\u00a0\u00bboff\u00a0\u00bb global_colors_info=\u00a0\u00bb{}\u00a0\u00bb][\/et_pb_divider][et_pb_text _builder_version=\u00a0\u00bb4.21.0&Prime; _module_preset=\u00a0\u00bbdefault\u00a0\u00bb text_font=\u00a0\u00bbgotham light||||||||\u00a0\u00bb text_text_color=\u00a0\u00bb#454445&Prime; text_font_size=\u00a0\u00bb16px\u00a0\u00bb link_text_color=\u00a0\u00bb#454445&Prime; text_font_size_tablet=\u00a0\u00bb16px\u00a0\u00bb text_font_size_phone=\u00a0\u00bb14px\u00a0\u00bb text_font_size_last_edited=\u00a0\u00bbon|phone\u00a0\u00bb locked=\u00a0\u00bboff\u00a0\u00bb global_colors_info=\u00a0\u00bb{}\u00a0\u00bb]<\/p>\n<p><span>Mon passage au secteur du tourisme m&rsquo;a permis de me sp\u00e9cialiser dans l&rsquo;une des branches du marketing que mon passage dans l&rsquo;industrie automobile m&rsquo;avait permis de d\u00e9velopper : le marketing digital. La gestion des r\u00e9seaux sociaux, la publicit\u00e9 en ligne et la d\u00e9finition de strat\u00e9gies de communication dans un environnement international et en constante \u00e9volution sont devenues mes nouveaux d\u00e9fis.<\/span><\/p>\n<p>[\/et_pb_text][et_pb_blurb title=\u00a0\u00bbAUJOURD&#039;HUI\u00a0\u00bb content_max_width=\u00a0\u00bb100%\u00a0\u00bb _builder_version=\u00a0\u00bb4.21.0&Prime; _module_preset=\u00a0\u00bbdefault\u00a0\u00bb header_font=\u00a0\u00bb|800|||||||\u00a0\u00bb header_text_color=\u00a0\u00bb#1DB5B5&Prime; header_font_size=\u00a0\u00bb22px\u00a0\u00bb body_text_color=\u00a0\u00bb#454445&Prime; body_font_size=\u00a0\u00bb20px\u00a0\u00bb body_line_height=\u00a0\u00bb2em\u00a0\u00bb animation_style=\u00a0\u00bbbounce\u00a0\u00bb header_font_size_tablet=\u00a0\u00bb22px\u00a0\u00bb header_font_size_phone=\u00a0\u00bb20px\u00a0\u00bb header_font_size_last_edited=\u00a0\u00bbon|phone\u00a0\u00bb body_font_size_tablet=\u00a0\u00bb20px\u00a0\u00bb body_font_size_phone=\u00a0\u00bb16px\u00a0\u00bb body_font_size_last_edited=\u00a0\u00bbon|phone\u00a0\u00bb locked=\u00a0\u00bboff\u00a0\u00bb global_colors_info=\u00a0\u00bb{}\u00a0\u00bb][\/et_pb_blurb][et_pb_divider color=\u00a0\u00bb#1DB5B5&Prime; divider_weight=\u00a0\u00bb3px\u00a0\u00bb _builder_version=\u00a0\u00bb4.21.0&Prime; _module_preset=\u00a0\u00bbdefault\u00a0\u00bb width=\u00a0\u00bb15%\u00a0\u00bb custom_margin=\u00a0\u00bb||3px||false|false\u00a0\u00bb custom_padding=\u00a0\u00bb||0px||false|false\u00a0\u00bb locked=\u00a0\u00bboff\u00a0\u00bb global_colors_info=\u00a0\u00bb{}\u00a0\u00bb][\/et_pb_divider][et_pb_text _builder_version=\u00a0\u00bb4.21.0&Prime; _module_preset=\u00a0\u00bbdefault\u00a0\u00bb text_font=\u00a0\u00bbgotham light||||||||\u00a0\u00bb text_text_color=\u00a0\u00bb#454445&Prime; text_font_size=\u00a0\u00bb16px\u00a0\u00bb link_text_color=\u00a0\u00bb#454445&Prime; text_font_size_tablet=\u00a0\u00bb16px\u00a0\u00bb text_font_size_phone=\u00a0\u00bb14px\u00a0\u00bb text_font_size_last_edited=\u00a0\u00bbon|phone\u00a0\u00bb locked=\u00a0\u00bboff\u00a0\u00bb global_colors_info=\u00a0\u00bb{}\u00a0\u00bb]<\/p>\n<p><span> <\/span><span> <\/span>Le marketing num\u00e9rique est une branche du marketing absolument fascinante : consciente de la rapidit\u00e9 avec laquelle ce secteur \u00e9volue, je me forme et m&rsquo;informe fr\u00e9quemment des derniers d\u00e9veloppements et technologies disponibles afin de fournir le meilleur service \u00e0 mes clients, ma derni\u00e8re formation \u00e9tant<strong>Digital Marketing : Customer Engagement, Social Media, Planning &amp; Analytics \u00e0 la prestigieuse<a href=\"https:\/\/home.gsb.columbia.edu\/\">Columbia Business School<\/a><\/strong>.<\/p>\n<p>Ces diff\u00e9rentes \u00e9tapes de ma carri\u00e8re ont \u00e9t\u00e9 stimulantes, souvent exigeantes, mais toujours passionnantes. Ces \u00e9tapes m&rsquo;ont conduit \u00e0 mon profil professionnel actuel, \u00e0 une nouvelle \u00e9tape et au plus grand d\u00e9fi de ma carri\u00e8re : DML, mon propre projet.<\/p>\n<p>[\/et_pb_text][\/et_pb_column][\/et_pb_row][\/et_pb_section]<\/p>\n","protected":false},"excerpt":{"rendered":"<p>GLADYS BECERRA TORLAYCOMMERCE INTERNATIONAL ET MARKETING : LA COMBINAISON ID\u00c9ALE POUR TRANSFORMER LES ID\u00c9ES EN VENTESC&rsquo;est le nombre d&rsquo;ann\u00e9es que je travaille dans le commerce international et le marketing.J&rsquo;ai commenc\u00e9 ma carri\u00e8re professionnelle dans le secteur automobile, en tant que responsable des exportations pour l&rsquo;entreprise Tecnomatrix, qui se consacre \u00e0 la conception et \u00e0 la [&hellip;]<\/p>\n","protected":false},"author":1,"featured_media":0,"parent":0,"menu_order":0,"comment_status":"closed","ping_status":"closed","template":"","meta":{"_et_pb_use_builder":"on","_et_pb_old_content":"","_et_gb_content_width":"","footnotes":""},"class_list":["post-4178","page","type-page","status-publish","hentry"],"yoast_head":"<!-- This site is optimized with the Yoast SEO plugin v26.7 - https:\/\/yoast.com\/wordpress\/plugins\/seo\/ -->\n<title>Gladys Becerra Torlay - marketing strat\u00e9gique et digital<\/title>\n<meta name=\"description\" content=\"16 ans pass\u00e9s \u00e0 transformer des id\u00e9es en ventes. Si vous souhaitez augmenter les ventes de votre entreprise et obtenir plus de visibilit\u00e9 en ligne, je serai ravie de vous aider !\" \/>\n<meta name=\"robots\" content=\"index, follow, max-snippet:-1, max-image-preview:large, max-video-preview:-1\" \/>\n<link rel=\"canonical\" href=\"https:\/\/digitalmarketinglanzarote.com\/fr\/a-propos-de-gladys\" \/>\n<meta property=\"og:locale\" content=\"fr_FR\" \/>\n<meta property=\"og:type\" content=\"article\" \/>\n<meta property=\"og:title\" content=\"Gladys Becerra Torlay - marketing strat\u00e9gique et digital\" \/>\n<meta property=\"og:description\" content=\"16 ans pass\u00e9s \u00e0 transformer des id\u00e9es en ventes. Si vous souhaitez augmenter les ventes de votre entreprise et obtenir plus de visibilit\u00e9 en ligne, je serai ravie de vous aider !\" \/>\n<meta property=\"og:url\" content=\"https:\/\/digitalmarketinglanzarote.com\/fr\/a-propos-de-gladys\" \/>\n<meta property=\"og:site_name\" content=\"DIGITAL MARKETING LANZAROTE\" \/>\n<meta property=\"article:modified_time\" content=\"2025-01-21T20:50:55+00:00\" \/>\n<meta name=\"twitter:card\" content=\"summary_large_image\" \/>\n<meta name=\"twitter:label1\" content=\"Dur\u00e9e de lecture estim\u00e9e\" \/>\n\t<meta name=\"twitter:data1\" content=\"7 minutes\" \/>\n<script type=\"application\/ld+json\" class=\"yoast-schema-graph\">{\"@context\":\"https:\/\/schema.org\",\"@graph\":[{\"@type\":\"WebPage\",\"@id\":\"https:\/\/digitalmarketinglanzarote.com\/fr\/a-propos-de-gladys\",\"url\":\"https:\/\/digitalmarketinglanzarote.com\/fr\/a-propos-de-gladys\",\"name\":\"Gladys Becerra Torlay - marketing strat\u00e9gique et digital\",\"isPartOf\":{\"@id\":\"https:\/\/digitalmarketinglanzarote.com\/fr#website\"},\"datePublished\":\"2023-06-02T14:00:07+00:00\",\"dateModified\":\"2025-01-21T20:50:55+00:00\",\"description\":\"16 ans pass\u00e9s \u00e0 transformer des id\u00e9es en ventes. Si vous souhaitez augmenter les ventes de votre entreprise et obtenir plus de visibilit\u00e9 en ligne, je serai ravie de vous aider !\",\"inLanguage\":\"fr-FR\",\"potentialAction\":[{\"@type\":\"ReadAction\",\"target\":[\"https:\/\/digitalmarketinglanzarote.com\/fr\/a-propos-de-gladys\"]}]},{\"@type\":\"WebSite\",\"@id\":\"https:\/\/digitalmarketinglanzarote.com\/fr#website\",\"url\":\"https:\/\/digitalmarketinglanzarote.com\/fr\",\"name\":\"DIGITAL MARKETING LANZAROTE\",\"description\":\"Agencia de marketing digital en Lanzarote, Islas Canarias\",\"potentialAction\":[{\"@type\":\"SearchAction\",\"target\":{\"@type\":\"EntryPoint\",\"urlTemplate\":\"https:\/\/digitalmarketinglanzarote.com\/fr?s={search_term_string}\"},\"query-input\":{\"@type\":\"PropertyValueSpecification\",\"valueRequired\":true,\"valueName\":\"search_term_string\"}}],\"inLanguage\":\"fr-FR\"}]}<\/script>\n<!-- \/ Yoast SEO plugin. -->","yoast_head_json":{"title":"Gladys Becerra Torlay - marketing strat\u00e9gique et digital","description":"16 ans pass\u00e9s \u00e0 transformer des id\u00e9es en ventes. Si vous souhaitez augmenter les ventes de votre entreprise et obtenir plus de visibilit\u00e9 en ligne, je serai ravie de vous aider !","robots":{"index":"index","follow":"follow","max-snippet":"max-snippet:-1","max-image-preview":"max-image-preview:large","max-video-preview":"max-video-preview:-1"},"canonical":"https:\/\/digitalmarketinglanzarote.com\/fr\/a-propos-de-gladys","og_locale":"fr_FR","og_type":"article","og_title":"Gladys Becerra Torlay - marketing strat\u00e9gique et digital","og_description":"16 ans pass\u00e9s \u00e0 transformer des id\u00e9es en ventes. Si vous souhaitez augmenter les ventes de votre entreprise et obtenir plus de visibilit\u00e9 en ligne, je serai ravie de vous aider !","og_url":"https:\/\/digitalmarketinglanzarote.com\/fr\/a-propos-de-gladys","og_site_name":"DIGITAL MARKETING LANZAROTE","article_modified_time":"2025-01-21T20:50:55+00:00","twitter_card":"summary_large_image","twitter_misc":{"Dur\u00e9e de lecture estim\u00e9e":"7 minutes"},"schema":{"@context":"https:\/\/schema.org","@graph":[{"@type":"WebPage","@id":"https:\/\/digitalmarketinglanzarote.com\/fr\/a-propos-de-gladys","url":"https:\/\/digitalmarketinglanzarote.com\/fr\/a-propos-de-gladys","name":"Gladys Becerra Torlay - marketing strat\u00e9gique et digital","isPartOf":{"@id":"https:\/\/digitalmarketinglanzarote.com\/fr#website"},"datePublished":"2023-06-02T14:00:07+00:00","dateModified":"2025-01-21T20:50:55+00:00","description":"16 ans pass\u00e9s \u00e0 transformer des id\u00e9es en ventes. Si vous souhaitez augmenter les ventes de votre entreprise et obtenir plus de visibilit\u00e9 en ligne, je serai ravie de vous aider !","inLanguage":"fr-FR","potentialAction":[{"@type":"ReadAction","target":["https:\/\/digitalmarketinglanzarote.com\/fr\/a-propos-de-gladys"]}]},{"@type":"WebSite","@id":"https:\/\/digitalmarketinglanzarote.com\/fr#website","url":"https:\/\/digitalmarketinglanzarote.com\/fr","name":"DIGITAL MARKETING LANZAROTE","description":"Agencia de marketing digital en Lanzarote, Islas Canarias","potentialAction":[{"@type":"SearchAction","target":{"@type":"EntryPoint","urlTemplate":"https:\/\/digitalmarketinglanzarote.com\/fr?s={search_term_string}"},"query-input":{"@type":"PropertyValueSpecification","valueRequired":true,"valueName":"search_term_string"}}],"inLanguage":"fr-FR"}]}},"_links":{"self":[{"href":"https:\/\/digitalmarketinglanzarote.com\/fr\/wp-json\/wp\/v2\/pages\/4178","targetHints":{"allow":["GET"]}}],"collection":[{"href":"https:\/\/digitalmarketinglanzarote.com\/fr\/wp-json\/wp\/v2\/pages"}],"about":[{"href":"https:\/\/digitalmarketinglanzarote.com\/fr\/wp-json\/wp\/v2\/types\/page"}],"author":[{"embeddable":true,"href":"https:\/\/digitalmarketinglanzarote.com\/fr\/wp-json\/wp\/v2\/users\/1"}],"replies":[{"embeddable":true,"href":"https:\/\/digitalmarketinglanzarote.com\/fr\/wp-json\/wp\/v2\/comments?post=4178"}],"version-history":[{"count":7,"href":"https:\/\/digitalmarketinglanzarote.com\/fr\/wp-json\/wp\/v2\/pages\/4178\/revisions"}],"predecessor-version":[{"id":5082,"href":"https:\/\/digitalmarketinglanzarote.com\/fr\/wp-json\/wp\/v2\/pages\/4178\/revisions\/5082"}],"wp:attachment":[{"href":"https:\/\/digitalmarketinglanzarote.com\/fr\/wp-json\/wp\/v2\/media?parent=4178"}],"curies":[{"name":"wp","href":"https:\/\/api.w.org\/{rel}","templated":true}]}}